{"id":3,"date":"2025-01-03T17:22:49","date_gmt":"2025-01-03T16:22:49","guid":{"rendered":"http:\/\/derwanderer.synology.me\/wordpress\/?page_id=3"},"modified":"2025-10-19T13:58:01","modified_gmt":"2025-10-19T11:58:01","slug":"datenschutzerklaerung","status":"publish","type":"page","link":"https:\/\/derwanderer.synology.me\/wordpress\/datenschutzerklaerung\/","title":{"rendered":"Datenschutzerkl\u00e4rung"},"content":{"rendered":"<div id=\"datenschutzerkl\u00e4rung\" class=\"fusion-container-anchor\"><div class=\"fusion-fullwidth fullwidth-box fusion-builder-row-1 fusion-flex-container has-pattern-background has-mask-background nonhundred-percent-fullwidth non-hundred-percent-height-scrolling\" style=\"--awb-border-radius-top-left:0px;--awb-border-radius-top-right:0px;--awb-border-radius-bottom-right:0px;--awb-border-radius-bottom-left:0px;--awb-flex-wrap:wrap;\" ><div class=\"fusion-builder-row fusion-row fusion-flex-align-items-flex-start fusion-flex-content-wrap\" style=\"max-width:1302px;margin-left: calc(-5% \/ 2 );margin-right: calc(-5% \/ 2 );\"><div class=\"fusion-layout-column fusion_builder_column fusion-builder-column-0 fusion_builder_column_1_1 1_1 fusion-flex-column\" style=\"--awb-bg-blend:overlay;--awb-bg-size:cover;--awb-width-large:100%;--awb-margin-top-large:0px;--awb-spacing-right-large:2.375%;--awb-margin-bottom-large:0px;--awb-spacing-left-large:2.375%;--awb-width-medium:100%;--awb-spacing-right-medium:2.375%;--awb-spacing-left-medium:2.375%;--awb-width-small:100%;--awb-spacing-right-small:2.375%;--awb-spacing-left-small:2.375%;\"><div class=\"fusion-column-wrapper fusion-flex-justify-content-flex-start fusion-content-layout-column\"><div class=\"fusion-title title fusion-title-1 fusion-sep-none fusion-title-text fusion-title-size-one\"><h1 class=\"fusion-title-heading title-heading-left\" style=\"margin:0;\"><h2 style=\"text-align: center;\">Datenschutz beim Wanderer Magazin vom Florian<\/h2><\/h1><\/div><div class=\"fusion-text fusion-text-1\"><\/p>\n<h2 class=\"wp-block-heading\">Wer wir sind<\/h2>\n<\/p>\n<p>Die Adresse meiner Website ist: https:\/\/derwanderer.synology.me\/wordpress<\/p>\n<p>Der Name der Webseite ist: Das Wanderer Magazin vom Florian &#8211; DWM<\/p>\n<\/p>\n<h2 class=\"wp-block-heading\">Kommentare<\/h2>\n<\/p>\n<p>Wenn Besucher Kommentare auf der Website schreiben, sammelt Matomo die Daten, die im Kommentar-Formular angezeigt werden, au\u00dferdem die  IP-Adresse des Besuchers und den User-Agent-String (damit wird der Browser identifiziert), um die Erkennung von Spam zu unterst\u00fctzen. S\u00e4mtliche Rohdaten werden anonymisiert.<\/p>\n<\/p>\n<p>Aus deiner E-Mail-Adresse wird eine anonymisierte Zeichenfolge erstellt (auch Hash genannt) und dem Gravatar-Dienst \u00fcbergeben, um zu pr\u00fcfen, ob du diesen benutzt. Die Datenschutzerkl\u00e4rung des Gravatar-Dienstes findest du hier: https:\/\/automattic.com\/privacy\/. Nachdem dein Kommentar freigegeben wurde, ist dein Profilbild \u00f6ffentlich im Kontext deines Kommentars sichtbar.<\/p>\n<\/p>\n<\/p>\n<h2 class=\"wp-block-heading\">Cookies<\/h2>\n<\/p>\n<p>Wenn du einen Kommentar auf unserer Website schreibst, ist das eine Einwilligung, deinen Namen, E-Mail-Adresse und Website in Cookies zu speichern. Dies ist eine Komfortfunktion, damit du nicht, wenn du einen weiteren Kommentar schreibst, all diese Daten erneut eingeben musst. Diese Cookies werden ein Jahr lang gespeichert.<\/p>\n<\/p>\n<\/p>\n<\/p>\n<h2 class=\"wp-block-heading\">Links zu anderen Websites<\/h2>\n<\/p>\n<p>Beitr\u00e4ge \u00fcber Hotels und Unterk\u00fcnfte auf dieser Website enthalten Links zu deren Webseite. Somit gelangt der Besucher in einem neuen Tab auf die andere, eine neue Website.<\/p>\n<\/p>\n<p>Diese Websites k\u00f6nnen Daten \u00fcber dich sammeln, Cookies benutzen, zus\u00e4tzliche Tracking-Dienste von Dritten einbetten und deine Interaktion mit diesem eingebetteten Inhalt aufzeichnen, inklusive deiner Interaktion mit dem eingebetteten Inhalt, falls du ein Konto hast und auf dieser Website angemeldet bist.<\/p>\n<\/p>\n<\/p>\n<h2 class=\"wp-block-heading\">Wie lange werden deine Daten gespeichert ?<\/h2>\n<\/p>\n<p>Wenn du einen Kommentar schreibst, wird dieser inklusive Metadaten zeitlich unbegrenzt gespeichert. Auf diese Art kann ich Folgekommentare automatisch erkennen und freigeben, anstatt sie in einer Moderations-Warteschlange festzuhalten.<\/p>\n<\/p>\n<\/p>\n<\/p>\n<h2 class=\"wp-block-heading\">Wohin deine Daten gesendet werden<\/h2>\n<\/p>\n<p>Besucher-Kommentare werden von einem automatisierten Dienst zur Spam-Erkennung untersucht.<\/p>\n<div id=\"privacy-settings-accordion-block-akismet\" class=\"privacy-settings-accordion-panel privacy-text-box-body hide-privacy-policy-tutorial\">Matomo sammelt Informationen \u00fcber Besucher, die hier Kommentare hinterlassen, dazu wurde das Anti-Spam-Service Plugin Akismet installiert. Welche Informationen gesammelt werden, h\u00e4ngt davon ab, welche Akismet-Einstellungen der Benutzer f\u00fcr die Website festgelegt hat. In der Regel handelt es sich jedoch um die IP-Adresse des Kommentarverfassers, den User Agent, den Referrer und die URL der Website (erg\u00e4nzt durch Informationen, die direkt vom Verfasser des Kommentars bereitgestellt werden, also z. B. Name, Benutzername, E-Mail-Adresse und der Kommentar selbst).<\/p>\n<div class=\"privacy-settings-accordion-actions\"> <\/div>\n<\/div>\n<div>\n<h2 class=\"wp-block-heading\">Welche Tools ich zur Auswertung nutze<\/h2>\n<p>Das Wanderer Magazin vom Florian &#8211; DWM &#8211; benutzt dazu Matomo Analytics.<\/p>\n<p>Bei Matomo Analytics ist der Datenschutz selbstverst\u00e4ndlich. Alle gesammelten Daten werden ausschliesslich in der eigenen MySQL-Datenbank gespeichert, Niemand sonst (oder Matomo-Teammitglied) kann auf diese Informationen zugreifen. Protokolle oder Berichtsdaten werden von Matomo niemals an andere Server gesendet. Der Quellcode der Software ist Open Source. Hunderte Leute haben ihn \u00fcberpr\u00fcft, um sicherzustellen, dass er <a href=\"https:\/\/matomo.org\/security\/\">sicher<\/a> ist und Deine Daten privat bleiben.<\/p>\n<\/div>\n<p>Obwohl Matomo Analytics eine Webanalysesoftware ist, die dazu dient, die Benutzeraktivit\u00e4ten auf dieser Website zu verfolgen, nimmt DWM den Datenschutz sehr ernst. Ich verwende Matomo um sicher zu sein, dass DWM 100 % Kontrolle \u00fcber diese Daten hat, da sie sich auf dem eigenen Server befinden, und sch\u00fctze so die Privatsph\u00e4re meiner Benutzer. Alle Rohdaten wie z.B. IP-Adressen werden anonymisiert und wurden r\u00fcckwirkend anonymisiert bis zum 01.11.2024 also weit vor dem Live Gehen.<\/p>\n<div> <\/div>\n<div id=\"privacy-settings-accordion-block-akismet\" class=\"privacy-settings-accordion-panel privacy-text-box-body hide-privacy-policy-tutorial\"> <\/div>\n<h2 class=\"wp-block-heading\">DSGVO<\/h2>\n<p>Auf DWM werden keine personenbezogenen Daten gespeichert. Die erhobenen Daten werden anonymisiert und dienen lediglich der Information, wie oft ein Artikel gelesen und\/oder geteilt wurde. <\/p>\n<p>Weiter wird vorausgesetzt, dass der Benutzer oder Leser sich mit dem Datenschutz auf diesem Blog vertraut macht, bevor er einen Kommentar schreibt.<\/p>\n<p>Die Social-Sharing Funktion am Ende jedes Artikels dient dem Teilen des jeweiligen Beitrags auf anderen Plattformen, f\u00fcr die deren eigene Vorgaben gelten.<\/p>\n<div class=\"card privacyAskingForConsent\">\n<div class=\"card-content\">\n<h2 class=\"card-title\">Einverst\u00e4ndniserkl\u00e4rung<\/h2>\n<div>\n<p>Matomo:<\/p>\n<p>Die <a href=\"https:\/\/matomo.org\/faq\/new-to-piwik\/what-is-gdpr\/?mtm_campaign=Matomo_App&amp;mtm_source=Matomo_App_OnPremise&amp;mtm_medium=App.PrivacyManager.consent\" target=\"_blank\" rel=\"noreferrer noopener\">Datenschutz-Grundverordnung<\/a> verlangt von mir, die Erlaubnis meiner Besucher einzuholen, wenn ich bestimmte pers\u00f6nliche Daten sammle. Um herauszufinden, ob die Frage um Erlaubnis n\u00f6tig ist, muss ich meine Rechtsgrundlage f\u00fcr die Verarbeitung personenbezogener Daten angeben. Dabei kann es sich entweder um eine &#8222;Einwilligung&#8220; oder ein &#8222;berechtigtes Interesse&#8220; handeln, oder ich vermeide die Erhebung personenbezogener Daten komplett, was ich hiermit ausdr\u00fccklich angebe.<\/p>\n<p>Es empfiehlt sich, mehr \u00fcber die Rechtsgrundlage f\u00fcr die Verarbeitung personenbezogener Daten nach DSGVO zu erfahren. Weitere Informationen zu diesem Thema findet Ihr in <a href=\"https:\/\/matomo.org\/blog\/2018\/04\/lawful-basis-for-processing-personal-data-under-gdpr-with-matomo\/?mtm_campaign=Matomo_App&amp;mtm_source=Matomo_App_OnPremise&amp;mtm_medium=App.PrivacyManager.consent\" target=\"_blank\" rel=\"noreferrer noopener\">unserem Blog<\/a>.<\/p>\n<p>Beachten Sie bitte, dass wenn Sie die Zustimmung Ihrer Besucher ben\u00f6tigen und nicht nachweisen k\u00f6nnen, dass Sie in der Vergangenheit deren &#8222;Zustimmung&#8220; erhalten haben, wird empfohlen, die Rohdaten Ihrer zuvor getrackten Besucher zu anonymisieren. Die Anonymisierung der Rohdaten Ihrer zuvor getrackten Besucher kann \u00fcber den Datenschutz-Manager in Matomo erfolgen <a href=\"https:\/\/matomo.org\/faq\/how-to\/faq_35661\/?mtm_campaign=Matomo_App&amp;mtm_source=Matomo_App_OnPremise&amp;mtm_medium=App.PrivacyManager.consent\" target=\"_blank\" rel=\"noreferrer noopener\">mehr dazu<\/a>.<\/p>\n<p>Dies ist bis ab dem Live gehen dieses Blogs im Januar sp\u00e4testens erfolgt.<\/p>\n<p>Falls die Frequentierung meiner Webseite zu erfassen nicht gew\u00fcnscht ist, kann dies mit dem Opt-in\/out auf der Titelseite ganz unten beendet werden.<\/p>\n<\/div>\n<\/div>\n<\/div><\/p>\n<\/div><\/div><\/div><\/div><\/div><\/div>","protected":false},"excerpt":{"rendered":"","protected":false},"author":1,"featured_media":0,"parent":0,"menu_order":7,"comment_status":"closed","ping_status":"closed","template":"","meta":{"footnotes":""},"class_list":["post-3","page","type-page","status-publish","hentry"],"_links":{"self":[{"href":"https:\/\/derwanderer.synology.me\/wordpress\/wp-json\/wp\/v2\/pages\/3","targetHints":{"allow":["GET"]}}],"collection":[{"href":"https:\/\/derwanderer.synology.me\/wordpress\/wp-json\/wp\/v2\/pages"}],"about":[{"href":"https:\/\/derwanderer.synology.me\/wordpress\/wp-json\/wp\/v2\/types\/page"}],"author":[{"embeddable":true,"href":"https:\/\/derwanderer.synology.me\/wordpress\/wp-json\/wp\/v2\/users\/1"}],"replies":[{"embeddable":true,"href":"https:\/\/derwanderer.synology.me\/wordpress\/wp-json\/wp\/v2\/comments?post=3"}],"version-history":[{"count":0,"href":"https:\/\/derwanderer.synology.me\/wordpress\/wp-json\/wp\/v2\/pages\/3\/revisions"}],"wp:attachment":[{"href":"https:\/\/derwanderer.synology.me\/wordpress\/wp-json\/wp\/v2\/media?parent=3"}],"curies":[{"name":"wp","href":"https:\/\/api.w.org\/{rel}","templated":true}]}}