{"id":6193,"date":"2026-01-15T17:50:36","date_gmt":"2026-01-15T16:50:36","guid":{"rendered":"https:\/\/derwanderer.synology.me\/wordpress\/?page_id=6193"},"modified":"2026-01-23T12:20:02","modified_gmt":"2026-01-23T11:20:02","slug":"agbs-bei-qct","status":"publish","type":"page","link":"https:\/\/derwanderer.synology.me\/wordpress\/agbs-bei-qct\/","title":{"rendered":"AGBs bei QCT"},"content":{"rendered":"<div id=\"impressum\" class=\"fusion-container-anchor\"><div class=\"fusion-fullwidth fullwidth-box fusion-builder-row-1 fusion-flex-container has-pattern-background has-mask-background nonhundred-percent-fullwidth non-hundred-percent-height-scrolling\" style=\"--awb-border-radius-top-left:0px;--awb-border-radius-top-right:0px;--awb-border-radius-bottom-right:0px;--awb-border-radius-bottom-left:0px;--awb-flex-wrap:wrap;\" ><div class=\"fusion-builder-row fusion-row fusion-flex-align-items-flex-start fusion-flex-content-wrap\" style=\"max-width:1302px;margin-left: calc(-5% \/ 2 );margin-right: calc(-5% \/ 2 );\"><div class=\"fusion-layout-column fusion_builder_column fusion-builder-column-0 fusion_builder_column_1_1 1_1 fusion-flex-column\" style=\"--awb-bg-size:cover;--awb-width-large:100%;--awb-margin-top-large:0px;--awb-spacing-right-large:2.375%;--awb-margin-bottom-large:0px;--awb-spacing-left-large:2.375%;--awb-width-medium:100%;--awb-order-medium:0;--awb-spacing-right-medium:2.375%;--awb-spacing-left-medium:2.375%;--awb-width-small:100%;--awb-order-small:0;--awb-spacing-right-small:2.375%;--awb-spacing-left-small:2.375%;\"><div class=\"fusion-column-wrapper fusion-column-has-shadow fusion-flex-justify-content-flex-start fusion-content-layout-column\"><div class=\"fusion-title title fusion-title-1 fusion-sep-none fusion-title-text fusion-title-size-one\"><h1 class=\"fusion-title-heading title-heading-left\" style=\"margin:0;\">QC &#8211; Transport &#8211; AGBs<\/h1><\/div><div class=\"fusion-text fusion-text-1\"><p><em><strong>Consulting:<\/strong><\/em><\/p>\n<p>Meine Beratung erfolgt nach vorheriger, schriftlicher Beauftragung kostenpflichtig.<\/p>\n<p>Ein kostenloses Vorabgespr\u00e4ch leitet die Beauftragung ein.<\/p>\n<p>Den Auftragsabschlu\u00df teile ich schriftlich mit und \u00fcbersende vereinbarte, erstellte Daten , inklusive der Rechnung.<\/p>\n<p><em><strong>Transportwesen:<\/strong><\/em><\/p>\n<p>Die Avisierung erfolgt bei QCT durch Auftragsbest\u00e4tigung und telefonisch w\u00e4hrend des Auftrages.<\/p>\n<p>Preise und Angebote erstelle ich auf Anfrage.<\/p>\n<p>Beim\u00a0 Beladungstermin muss das Ladeblatt vom Kunden unterschrieben werden um sicher zu stellen, dass die Fracht vorhanden ist, Vorkasse geleistet ist, und die Anlieferung an der vereinbarten Destination auftragsgem\u00e4\u00df gegeben ist.<\/p>\n<p>Die Zahlung erfolgt per \u00dcberweisung, zus\u00e4tzlich steht ein mobiles Zahlungsger\u00e4t (SumUp) zur Verf\u00fcgung.<\/p>\n<p>Bei Erstkunden wird um Vorabkasse gebeten.<\/p>\n<p>Mit \u00dcberweisungsbeleg der vereinbarten Summe ist die Auftragserteilung abgeschlossen.<\/p>\n<p>Eine G\u00fctertransportversicherung ist vorhanden.<\/p>\n<p>Ein Bef\u00e4higungsnachweis ist vorhanden.<\/p>\n<p>Professionelle Ladungssicherung ist gegeben.<\/p>\n<ul>\n<li>KfZ Ausstattung:<\/li>\n<\/ul>\n<p>-MB Sprinter 3,5 to<\/p>\n<p>-Tandem-Achs-Anh\u00e4nger mit Plane und Spriegel (3,5 to).<\/p>\n<ul>\n<li>Transportg\u00fcter:<\/li>\n<\/ul>\n<p>-St\u00fcckgut (Europaletten, max. 8, bis insgesamt 1500kg)<\/p>\n<p>-Einzelg\u00fcter (z.B. Maschinenteile, Gitterboxen bis max. 1100kg auf LKW, bis max. 2600kg auf Trailer)<\/p>\n<p>-Motorr\u00e4der (max. 6)<\/p>\n<p>-nicht fahrbereite Motorr\u00e4der, Quad, ATV (Ladung durch fest installierte Winden (Trailer und Zugfahrzeug)).<\/p>\n<p>-Anh\u00e4nger (1 pro Tour, bis max. 3,500kg (leer oder beladen))<\/p>\n<p>-Quad und ATV\u00a0 (max. 2)<\/p>\n<p>-Holz bis zu einer Schnittl\u00e4nge von 3,5m LKW, 4m auf Trailer und einem max. Gewicht von 3800kg.<\/p>\n<p>-Umzugsg\u00fcter (stapelbare Kartons) bis insgesamt 1100kg LKW, 2600kg auf Trailer.<\/p>\n<p>-Tierschutz-Sondertransport (es gelten besondere Vereinbarungen)<\/p>\n<\/div><\/div><\/div><\/div><\/div><\/div>\n","protected":false},"excerpt":{"rendered":"","protected":false},"author":2,"featured_media":0,"parent":0,"menu_order":0,"comment_status":"closed","ping_status":"closed","template":"","meta":{"footnotes":""},"class_list":["post-6193","page","type-page","status-publish","hentry"],"_links":{"self":[{"href":"https:\/\/derwanderer.synology.me\/wordpress\/wp-json\/wp\/v2\/pages\/6193","targetHints":{"allow":["GET"]}}],"collection":[{"href":"https:\/\/derwanderer.synology.me\/wordpress\/wp-json\/wp\/v2\/pages"}],"about":[{"href":"https:\/\/derwanderer.synology.me\/wordpress\/wp-json\/wp\/v2\/types\/page"}],"author":[{"embeddable":true,"href":"https:\/\/derwanderer.synology.me\/wordpress\/wp-json\/wp\/v2\/users\/2"}],"replies":[{"embeddable":true,"href":"https:\/\/derwanderer.synology.me\/wordpress\/wp-json\/wp\/v2\/comments?post=6193"}],"version-history":[{"count":0,"href":"https:\/\/derwanderer.synology.me\/wordpress\/wp-json\/wp\/v2\/pages\/6193\/revisions"}],"wp:attachment":[{"href":"https:\/\/derwanderer.synology.me\/wordpress\/wp-json\/wp\/v2\/media?parent=6193"}],"curies":[{"name":"wp","href":"https:\/\/api.w.org\/{rel}","templated":true}]}}